{"id":543,"date":"2025-11-29T13:52:41","date_gmt":"2025-11-29T13:52:41","guid":{"rendered":"https:\/\/danitours.com.co\/?post_type=product&#038;p=543"},"modified":"2025-12-30T04:21:18","modified_gmt":"2025-12-30T04:21:18","slug":"secreto-hotel-isla-del-rosario","status":"publish","type":"product","link":"https:\/\/dani-tours.com.co\/en\/product\/secreto-hotel-isla-del-rosario\/","title":{"rendered":"Secret Hotel (isla del rosario)"},"content":{"rendered":"<p><strong>PICNIC SECRET<\/strong><\/p>\n<p>Discover the secret paradise and live a unique experience in the Rosario Islands.<\/p>\n<p><strong>INCLUDES<\/strong>:<br \/>\n* Pick-terrestrial (Center, Bocagrande, Manga and Marbella) at 7:20. m. from your hotel to the Pier in La Bodeguita, door number 1 (other journeys have additional cost).<br \/>\n* Maritime transport back and forth.<br \/>\n* Welcome cocktail.<br \/>\n* Lunch three times: entrance, entree, and dessert.<br \/>\n* Access to the wet areas (includes towel and fresh water showers).<\/p>\n<p><strong>TOUR AND ACTIVITIES:<\/strong><br \/>\n* Exploration of the aircraft.<br \/>\n* Activity Subwing.<br \/>\n* Activity of snorkeling (includes mask and tube).<br \/>\n* Visit the bar in the water.<br \/>\n* Health insurance express.<\/p>\n<p><strong>DOES NOT INCLUDE:<\/strong><br \/>\nRate port:<\/p>\n<p><strong>Opening HOURS:<\/strong><br \/>\n* Check out: from 8:00 to. m. and 8:30. m.<br \/>\n* Return: between 2:40 p. m. and 3:00 p. m<\/p>","protected":false},"excerpt":{"rendered":"<p>PASAD\u00cdA SECRETO Descubre el secreto del para\u00edso y vive una experiencia \u00fanica en las Islas del Rosario. INCLUYE: * Recogida terrestre (Centro, Bocagrande, Manga y Marbella) a las 7:20 a. m. desde tu hotel al Muelle La Bodeguita, puerta n\u00famero 1 (otros trayectos tienen costo adicional). * Transporte mar\u00edtimo ida y regreso. * C\u00f3ctel de [&hellip;]<\/p>\n","protected":false},"featured_media":1837,"template":"","meta":[],"product_brand":[],"product_cat":[22],"product_tag":[],"class_list":{"0":"post-543","1":"product","2":"type-product","3":"status-publish","4":"has-post-thumbnail","6":"product_cat-islasdelrosario","8":"first","9":"instock","10":"sold-individually","11":"shipping-taxable","12":"purchasable","13":"product-type-booking"},"_links":{"self":[{"href":"https:\/\/dani-tours.com.co\/en\/wp-json\/wp\/v2\/product\/543","targetHints":{"allow":["GET"]}}],"collection":[{"href":"https:\/\/dani-tours.com.co\/en\/wp-json\/wp\/v2\/product"}],"about":[{"href":"https:\/\/dani-tours.com.co\/en\/wp-json\/wp\/v2\/types\/product"}],"wp:featuredmedia":[{"embeddable":true,"href":"https:\/\/dani-tours.com.co\/en\/wp-json\/wp\/v2\/media\/1837"}],"wp:attachment":[{"href":"https:\/\/dani-tours.com.co\/en\/wp-json\/wp\/v2\/media?parent=543"}],"wp:term":[{"taxonomy":"product_brand","embeddable":true,"href":"https:\/\/dani-tours.com.co\/en\/wp-json\/wp\/v2\/product_brand?post=543"},{"taxonomy":"product_cat","embeddable":true,"href":"https:\/\/dani-tours.com.co\/en\/wp-json\/wp\/v2\/product_cat?post=543"},{"taxonomy":"product_tag","embeddable":true,"href":"https:\/\/dani-tours.com.co\/en\/wp-json\/wp\/v2\/product_tag?post=543"}],"curies":[{"name":"wp","href":"https:\/\/api.w.org\/{rel}","templated":true}]}}