{"id":465,"date":"2025-11-29T13:25:22","date_gmt":"2025-11-29T13:25:22","guid":{"rendered":"https:\/\/danitours.com.co\/?post_type=product&#038;p=465"},"modified":"2025-12-30T04:22:07","modified_gmt":"2025-12-30T04:22:07","slug":"pasadia-tropical-lnn-adultos","status":"publish","type":"product","link":"https:\/\/dani-tours.com.co\/en\/product\/pasadia-tropical-lnn-adultos\/","title":{"rendered":"Tropical lnn"},"content":{"rendered":"<p><strong>PICNIC TROPICAL INN<\/strong><br \/>\nAn experience full of fun, flavor, and relax in paradise<\/p>\n<p><strong>INCLUDES<\/strong>:<br \/>\nBoat transportation round trip<br \/>\nOutput from the Beach of the New Hospital Bocagrande<br \/>\nWelcome drink<br \/>\nTypical lunch<br \/>\nUse of the facilities:<br \/>\nChairs asoleadoras or kiosks (depending on availability and order of arrival)<br \/>\nKayaks<br \/>\nTables paddle<br \/>\nSwimming pool<\/p>\n<p><b>IMPORTANT:<\/b><\/p>\n<p>Do not allow the entry of food or drinks<\/p>","protected":false},"excerpt":{"rendered":"<p>PASAD\u00cdA TROPICAL INN Una experiencia completa de diversi\u00f3n, sabor y relax en el para\u00edso INCLUYE: Transporte en lancha ida y regreso Salida desde la Playa del Nuevo Hospital de Bocagrande Bebida de bienvenida Almuerzo t\u00edpico Uso de las instalaciones: Sillas asoleadoras o kioskos (seg\u00fan disponibilidad y orden de llegada) Kayaks Tablas de paddle Piscina IMPORTANTE: [&hellip;]<\/p>\n","protected":false},"featured_media":1761,"template":"","meta":[],"product_brand":[],"product_cat":[27],"product_tag":[],"class_list":{"0":"post-465","1":"product","2":"type-product","3":"status-publish","4":"has-post-thumbnail","6":"product_cat-punta-arena","8":"first","9":"instock","10":"sold-individually","11":"shipping-taxable","12":"purchasable","13":"product-type-booking"},"_links":{"self":[{"href":"https:\/\/dani-tours.com.co\/en\/wp-json\/wp\/v2\/product\/465","targetHints":{"allow":["GET"]}}],"collection":[{"href":"https:\/\/dani-tours.com.co\/en\/wp-json\/wp\/v2\/product"}],"about":[{"href":"https:\/\/dani-tours.com.co\/en\/wp-json\/wp\/v2\/types\/product"}],"wp:featuredmedia":[{"embeddable":true,"href":"https:\/\/dani-tours.com.co\/en\/wp-json\/wp\/v2\/media\/1761"}],"wp:attachment":[{"href":"https:\/\/dani-tours.com.co\/en\/wp-json\/wp\/v2\/media?parent=465"}],"wp:term":[{"taxonomy":"product_brand","embeddable":true,"href":"https:\/\/dani-tours.com.co\/en\/wp-json\/wp\/v2\/product_brand?post=465"},{"taxonomy":"product_cat","embeddable":true,"href":"https:\/\/dani-tours.com.co\/en\/wp-json\/wp\/v2\/product_cat?post=465"},{"taxonomy":"product_tag","embeddable":true,"href":"https:\/\/dani-tours.com.co\/en\/wp-json\/wp\/v2\/product_tag?post=465"}],"curies":[{"name":"wp","href":"https:\/\/api.w.org\/{rel}","templated":true}]}}