{"id":2142,"date":"2025-12-29T20:36:09","date_gmt":"2025-12-29T20:36:09","guid":{"rendered":"https:\/\/dani-tours.com.co\/?post_type=product&#038;p=2142"},"modified":"2025-12-30T03:36:20","modified_gmt":"2025-12-30T03:36:20","slug":"city-tour-barranquilla-santa-marta","status":"publish","type":"product","link":"https:\/\/dani-tours.com.co\/en\/product\/city-tour-barranquilla-santa-marta\/","title":{"rendered":"City Tour Barranquilla \u2013 Santa Marta"},"content":{"rendered":"<p>Known Barranquilla and Santa marta in a single day<\/p>\n<p>Departure from Cartagena<\/p>\n<p><strong>INCLUDES<\/strong>:<\/p>\n<p><strong>BARRANQUILLA<\/strong><\/p>\n<ul>\n<li>Letters Of Barranquilla<\/li>\n<li>Memorial Window To The World<\/li>\n<li>\u00a0Quay of the Cayman and Avenue Of the River<\/li>\n<li>Monument of Shakira.<\/li>\n<li>Monument Shark's Fin<\/li>\n<li>Panoramico Puente Pumarejo<br \/>\n<strong>SANTA MARTA<\/strong><\/li>\n<li>\u00a0Monument Pibe Valderrama<\/li>\n<li>Bahia De Santa Marta<\/li>\n<li>\u00a0Plaza Bolivar<\/li>\n<li>\u00a0Walking Tour Of The Colonial City<\/li>\n<li>Gold Museum<\/li>\n<li>Cathedral Of Santa Marta<\/li>\n<li>\u00a0Parks Of The Bride And Groom<\/li>\n<li>Playas Del Rodadero<\/li>\n<li>Transfer to la Quinta San Pedro Alejandrino (does Not include the value input )<\/li>\n<\/ul>\n<p><strong>INCLUDES<\/strong><br \/>\nBus air-conditioned ,Bilingual Guide, Breakfast, Lunch, and Water Bottle.<\/p>\n<p><strong>OUTPUTS<\/strong><br \/>\nTuesday , Wednesday, Thursday , Friday , Saturday, Sunday<br \/>\nPickup Time<br \/>\nCenter and Gethsemane: 4:00 Am<br \/>\nBocagrande and Laguito: 4:30 Am<br \/>\nMarbella and North Zone: 5:00 Am<br \/>\nArrival To Cartagena Between 8:30 \u2013 9:00 Pm<\/p>","protected":false},"excerpt":{"rendered":"<p>Conoce Barranquilla y Santa marta en un solo dia Salida desde Cartagena INCLUYE: BARRANQUILLA Letras De Barranquilla Monumento Ventana Del Mundo \u00a0Malec\u00f3n del Caim\u00e1n y Avenida Del R\u00edo Monumento de Shakira. Monumento Aleta del Tibur\u00f3n Panoramico Puente Pumarejo SANTA MARTA \u00a0Monumento Del Pibe Valderrama Bahia De Santa Marta \u00a0Plaza Bolivar \u00a0Walking Tour Ciudad Colonial Museo [&hellip;]<\/p>\n","protected":false},"featured_media":2144,"template":"","meta":[],"product_brand":[],"product_cat":[20],"product_tag":[],"class_list":{"0":"post-2142","1":"product","2":"type-product","3":"status-publish","4":"has-post-thumbnail","6":"product_cat-actividades","8":"first","9":"instock","10":"sold-individually","11":"shipping-taxable","12":"purchasable","13":"product-type-booking"},"_links":{"self":[{"href":"https:\/\/dani-tours.com.co\/en\/wp-json\/wp\/v2\/product\/2142","targetHints":{"allow":["GET"]}}],"collection":[{"href":"https:\/\/dani-tours.com.co\/en\/wp-json\/wp\/v2\/product"}],"about":[{"href":"https:\/\/dani-tours.com.co\/en\/wp-json\/wp\/v2\/types\/product"}],"wp:featuredmedia":[{"embeddable":true,"href":"https:\/\/dani-tours.com.co\/en\/wp-json\/wp\/v2\/media\/2144"}],"wp:attachment":[{"href":"https:\/\/dani-tours.com.co\/en\/wp-json\/wp\/v2\/media?parent=2142"}],"wp:term":[{"taxonomy":"product_brand","embeddable":true,"href":"https:\/\/dani-tours.com.co\/en\/wp-json\/wp\/v2\/product_brand?post=2142"},{"taxonomy":"product_cat","embeddable":true,"href":"https:\/\/dani-tours.com.co\/en\/wp-json\/wp\/v2\/product_cat?post=2142"},{"taxonomy":"product_tag","embeddable":true,"href":"https:\/\/dani-tours.com.co\/en\/wp-json\/wp\/v2\/product_tag?post=2142"}],"curies":[{"name":"wp","href":"https:\/\/api.w.org\/{rel}","templated":true}]}}