{"id":1890,"date":"2025-12-27T02:54:11","date_gmt":"2025-12-27T02:54:11","guid":{"rendered":"https:\/\/dani-tours.com.co\/?post_type=product&#038;p=1890"},"modified":"2025-12-30T03:50:18","modified_gmt":"2025-12-30T03:50:18","slug":"capri-beach-club","status":"publish","type":"product","link":"https:\/\/dani-tours.com.co\/en\/product\/capri-beach-club\/","title":{"rendered":"Capri Beach Club"},"content":{"rendered":"<div><strong>CAPRI BEACH CLUB<\/strong><\/div>\n<div>Live the paradise in Capri Beach Club with the best activities, delicious food and a unique atmosphere!<\/div>\n<div><\/div>\n<div><\/div>\n<div><strong>INCLUDES<\/strong><\/div>\n<div>\u2022Roundtrip transportation in a sport boat<\/div>\n<div>\u2022Host a bilingual (Spanish and English)<\/div>\n<div>\u2022Welcome cocktail (without alcohol)<\/div>\n<div>\u2022Sightseeing Tour of the archipelago (45 minutes)<\/div>\n<div>\u2022Use of common areas: dining rooms, bathrooms, beach and bar area<\/div>\n<div>\u2022Use of beds and asoleadoras<\/div>\n<div>\u2022Service of towels and fresh water<\/div>\n<div>\u2022Lunch + non-alcoholic drink<\/div>\n<div>\n<div>LUNCH OPTIONS<\/div>\n<div>\u2022Inbox typical caribbean (catch of the day) with rice and plantains<\/div>\n<div>\u2022Pasta Capri with stir-fried vegetables<\/div>\n<div>\u2022Rice-seafood<\/div>\n<div>\u2022Chicken grill with rice and plantains<\/div>\n<div>\u2022Chicken Nuggets with French fries<\/div>\n<div><\/div>\n<div><strong>DRINK OPTIONS<\/strong><\/div>\n<div>\u2022Water<\/div>\n<div>\u2022Gas<\/div>\n<div>\u2022Natural lemonade<\/div>\n<div><\/div>\n<div><strong>ACTIVITIES INCLUDED<\/strong><\/div>\n<div>\u2022Paddle board<\/div>\n<div>\u2022Snorkel mask<\/div>\n<div><\/div>\n<div><strong>THE BEST<\/strong><\/div>\n<div>\u2022Open Bar from 10:00 to.m. 1:00 p. m. (does not apply during the panoramic tour)<\/div>\n<div>\u20222\u00d71, 1:00 p. m. 3:30 p. m. in:<\/div>\n<div>\u2022Margarita<\/div>\n<div>\u2022Domestic beer<\/div>\n<div>\u2022Live DJ (Saturday and Sunday)<\/div>\n<div><\/div>\n<div>MEETING POINT<\/div>\n<div>Muelle La Bodeguita \u2013 Door No. 3<\/div>\n<div>Reception: second floor (terrace)<\/div>\n<div><\/div>\n<div>SCHEDULES<\/div>\n<div>\u2022Arrival time: 7:30.m.<\/div>\n<div>\u2022Departure time: 8:15.m.<\/div>\n<div>\u2022Return time: 3:30 p. m. (subject to weather conditions)<\/div>\n<div><\/div>\n<div>IMPORTANT<\/div>\n<div>This experience does not accept pregnant women.<\/div>\n<\/div>","protected":false},"excerpt":{"rendered":"<p>CAPRI BEACH CLUB \u00a1Vive el para\u00edso en Capri Beach Club con las mejores actividades, comida deliciosa y un ambiente \u00fanico! INCLUYE \u2022Transporte ida y vuelta en bote deportivo \u2022Host biling\u00fce (espa\u00f1ol e ingl\u00e9s) \u2022C\u00f3ctel de bienvenida (sin alcohol) \u2022Tour panor\u00e1mico del archipi\u00e9lago (45 minutos) \u2022Uso de \u00e1reas comunes: comedores, ba\u00f1os, playa y zona bar \u2022Uso [&hellip;]<\/p>\n","protected":false},"featured_media":1892,"template":"","meta":[],"product_brand":[],"product_cat":[22],"product_tag":[],"class_list":{"0":"post-1890","1":"product","2":"type-product","3":"status-publish","4":"has-post-thumbnail","6":"product_cat-islasdelrosario","8":"first","9":"instock","10":"sold-individually","11":"shipping-taxable","12":"purchasable","13":"product-type-booking"},"_links":{"self":[{"href":"https:\/\/dani-tours.com.co\/en\/wp-json\/wp\/v2\/product\/1890","targetHints":{"allow":["GET"]}}],"collection":[{"href":"https:\/\/dani-tours.com.co\/en\/wp-json\/wp\/v2\/product"}],"about":[{"href":"https:\/\/dani-tours.com.co\/en\/wp-json\/wp\/v2\/types\/product"}],"wp:featuredmedia":[{"embeddable":true,"href":"https:\/\/dani-tours.com.co\/en\/wp-json\/wp\/v2\/media\/1892"}],"wp:attachment":[{"href":"https:\/\/dani-tours.com.co\/en\/wp-json\/wp\/v2\/media?parent=1890"}],"wp:term":[{"taxonomy":"product_brand","embeddable":true,"href":"https:\/\/dani-tours.com.co\/en\/wp-json\/wp\/v2\/product_brand?post=1890"},{"taxonomy":"product_cat","embeddable":true,"href":"https:\/\/dani-tours.com.co\/en\/wp-json\/wp\/v2\/product_cat?post=1890"},{"taxonomy":"product_tag","embeddable":true,"href":"https:\/\/dani-tours.com.co\/en\/wp-json\/wp\/v2\/product_tag?post=1890"}],"curies":[{"name":"wp","href":"https:\/\/api.w.org\/{rel}","templated":true}]}}