{"id":1882,"date":"2025-12-27T02:29:41","date_gmt":"2025-12-27T02:29:41","guid":{"rendered":"https:\/\/dani-tours.com.co\/?post_type=product&#038;p=1882"},"modified":"2025-12-30T03:51:07","modified_gmt":"2025-12-30T03:51:07","slug":"top-3-islas-del-rosario","status":"publish","type":"product","link":"https:\/\/dani-tours.com.co\/en\/product\/top-3-islas-del-rosario\/","title":{"rendered":"Top 3 Islands of the Rosary"},"content":{"rendered":"<p><strong>TOP 3 ISLANDS OF ISLAS DEL ROSARIO <\/strong><br \/>\nDiscover the paradise and live a unique day in the best islands in the Caribbean!<\/p>\n<p><strong>INCLUDES <\/strong><br \/>\nThree islands VP:<br \/>\n* PRO PAO<br \/>\n* ISLABELA<br \/>\n* BORA BORA<br \/>\nTransport on speedboat<br \/>\nBilingual guide<br \/>\nPanoramic Tour to the Rosario Islands<br \/>\n1 welcome cocktail on each island<br \/>\nHydration in the boat<br \/>\n3 options for lunch + drink (Islabela)<br \/>\nExclusive space for the tour in each island<\/p>\n<p>Meeting point<br \/>\nMuelle La Bodeguita: 8:00 am<br \/>\nDeparture: 8:45 am<br \/>\nReturn: 3:30 pm<\/p>\n<p>&nbsp;<\/p>\n<p><strong>KEEP IN MIND<\/strong><br \/>\nExcludes spring: $29.000 COP<br \/>\nOnly for over 18 years<\/p>","protected":false},"excerpt":{"rendered":"<p>TOP 3 ISLAS ISLAS DEL ROSARIO \u00a1Descubre el para\u00edso y vive un d\u00eda \u00fanico en las mejores islas del Caribe! INCLUYE Tres islas VP: * PRO PAO * ISLABELA * BORA BORA Transporte en lancha r\u00e1pida Gu\u00eda biling\u00fce Tour panor\u00e1mico por las Islas del Rosario 1 c\u00f3ctel de bienvenida en cada isla Hidrataci\u00f3n en la [&hellip;]<\/p>\n","protected":false},"featured_media":1884,"template":"","meta":[],"product_brand":[],"product_cat":[22],"product_tag":[],"class_list":{"0":"post-1882","1":"product","2":"type-product","3":"status-publish","4":"has-post-thumbnail","6":"product_cat-islasdelrosario","8":"first","9":"instock","10":"sold-individually","11":"shipping-taxable","12":"purchasable","13":"product-type-booking"},"_links":{"self":[{"href":"https:\/\/dani-tours.com.co\/en\/wp-json\/wp\/v2\/product\/1882","targetHints":{"allow":["GET"]}}],"collection":[{"href":"https:\/\/dani-tours.com.co\/en\/wp-json\/wp\/v2\/product"}],"about":[{"href":"https:\/\/dani-tours.com.co\/en\/wp-json\/wp\/v2\/types\/product"}],"wp:featuredmedia":[{"embeddable":true,"href":"https:\/\/dani-tours.com.co\/en\/wp-json\/wp\/v2\/media\/1884"}],"wp:attachment":[{"href":"https:\/\/dani-tours.com.co\/en\/wp-json\/wp\/v2\/media?parent=1882"}],"wp:term":[{"taxonomy":"product_brand","embeddable":true,"href":"https:\/\/dani-tours.com.co\/en\/wp-json\/wp\/v2\/product_brand?post=1882"},{"taxonomy":"product_cat","embeddable":true,"href":"https:\/\/dani-tours.com.co\/en\/wp-json\/wp\/v2\/product_cat?post=1882"},{"taxonomy":"product_tag","embeddable":true,"href":"https:\/\/dani-tours.com.co\/en\/wp-json\/wp\/v2\/product_tag?post=1882"}],"curies":[{"name":"wp","href":"https:\/\/api.w.org\/{rel}","templated":true}]}}