{"id":1877,"date":"2025-12-26T21:34:10","date_gmt":"2025-12-26T21:34:10","guid":{"rendered":"https:\/\/dani-tours.com.co\/?post_type=product&#038;p=1877"},"modified":"2025-12-30T03:51:32","modified_gmt":"2025-12-30T03:51:32","slug":"isla-palma","status":"publish","type":"product","link":"https:\/\/dani-tours.com.co\/en\/product\/isla-palma\/","title":{"rendered":"Island Palm"},"content":{"rendered":"<p><strong>PICNIC HOTEL ISLA PALMA<\/strong><\/p>\n<p>Escape to paradise with the Picnic Island Palm: nature, relaxation and exclusivity in one place.<\/p>\n<p><strong>DEPARTURE FROM CARTAGENA <\/strong><br \/>\nFrom the Pier in La Bodeguita.<\/p>\n<p><strong>Collection:<\/strong><br \/>\nBocagrande, Laguito, Big Castle, Marbella, spain from 5:30 am.<br \/>\nMeeting point on the dock of the Bodeguita, door #2 at 5:45 am (if you're not in those sectors).<\/p>\n<p><strong>INCLUDES<\/strong><br \/>\nTravel insurance board guide<br \/>\nPickup from the hotel to the Pier of la Bodeguita<br \/>\nFruit Snack AM before shipment<br \/>\nBoat to tour Islas del Rosario and San Bernardo Archipelago<br \/>\nWelcome cocktail at the Hotel Isla Palma<br \/>\nGourmet lunch: Choice of protein (beef, chicken, or fish), companions, salad bar, juice and dessert typical<br \/>\nEnjoy the white sand beach and turquoise water, ideal for the practice of snorkeling (bring your own kit)<br \/>\nVisit the Biopark: Hiking and educational on Hawksbill turtles, mangrove and more species. (Tour of 45 min) \u2013 Value: $20.000 COP per person<\/p>\n<p><strong>Return to Cartagena<\/strong><br \/>\nDeparture from the hotel: between 2:00 pm and 2:30 pm (depending on weather conditions)<br \/>\nArrival to Cartagena: between 4:30 pm and 5:00 pm, the end of the service.<\/p>\n<p><strong>IMPORTANT<\/strong><br \/>\nBring comfortable clothes, sunscreen and shoes beach<br \/>\nDoes not include rate port<\/p>","protected":false},"excerpt":{"rendered":"<p>PASAD\u00cdA HOTEL ISLA PALMA Esc\u00e1pate al para\u00edso con el Pasad\u00eda Isla Palma: naturaleza, relax y exclusividad en un solo lugar. SALIDA DESDE CARTAGENA Desde el Muelle La Bodeguita. Recogida: Bocagrande, Laguito, Castillo Grande, Marbella a partir de las 5:30 am. Punto de encuentro en el muelle de la Bodeguita, puerta #2 a las 5:45 am [&hellip;]<\/p>\n","protected":false},"featured_media":1878,"template":"","meta":[],"product_brand":[],"product_cat":[20],"product_tag":[],"class_list":{"0":"post-1877","1":"product","2":"type-product","3":"status-publish","4":"has-post-thumbnail","6":"product_cat-actividades","8":"first","9":"instock","10":"sold-individually","11":"shipping-taxable","12":"purchasable","13":"product-type-booking"},"_links":{"self":[{"href":"https:\/\/dani-tours.com.co\/en\/wp-json\/wp\/v2\/product\/1877","targetHints":{"allow":["GET"]}}],"collection":[{"href":"https:\/\/dani-tours.com.co\/en\/wp-json\/wp\/v2\/product"}],"about":[{"href":"https:\/\/dani-tours.com.co\/en\/wp-json\/wp\/v2\/types\/product"}],"wp:featuredmedia":[{"embeddable":true,"href":"https:\/\/dani-tours.com.co\/en\/wp-json\/wp\/v2\/media\/1878"}],"wp:attachment":[{"href":"https:\/\/dani-tours.com.co\/en\/wp-json\/wp\/v2\/media?parent=1877"}],"wp:term":[{"taxonomy":"product_brand","embeddable":true,"href":"https:\/\/dani-tours.com.co\/en\/wp-json\/wp\/v2\/product_brand?post=1877"},{"taxonomy":"product_cat","embeddable":true,"href":"https:\/\/dani-tours.com.co\/en\/wp-json\/wp\/v2\/product_cat?post=1877"},{"taxonomy":"product_tag","embeddable":true,"href":"https:\/\/dani-tours.com.co\/en\/wp-json\/wp\/v2\/product_tag?post=1877"}],"curies":[{"name":"wp","href":"https:\/\/api.w.org\/{rel}","templated":true}]}}