{"id":1875,"date":"2025-12-26T20:56:53","date_gmt":"2025-12-26T20:56:53","guid":{"rendered":"https:\/\/dani-tours.com.co\/?post_type=product&#038;p=1875"},"modified":"2025-12-30T03:52:59","modified_gmt":"2025-12-30T03:52:59","slug":"cocoliso-vip","status":"publish","type":"product","link":"https:\/\/dani-tours.com.co\/en\/product\/cocoliso-vip\/","title":{"rendered":"Cocoliso (VIP)"},"content":{"rendered":"<div><strong>COCOLISO PICNIC PREMIUM OPEN BAR DRINKS)<\/strong><\/div>\n<div><\/div>\n<div>Enjoy a day of luxury, relaxation and fun with no limits on the Picnic Premium.<\/div>\n<div><\/div>\n<div><strong>INCLUDES<\/strong><\/div>\n<div>\u2022Transportation to and back in pot (capacity up to 50 people)<\/div>\n<div>\u2022Welcome drink: beer or soda selected<\/div>\n<div>\u2022Lunch with 3 options:<\/div>\n<div>\u2022Fish<\/div>\n<div>\u2022Chicken<\/div>\n<div>\u2022Rice Cocoliso with seafood<\/div>\n<div>\u2022Open bar de drinks:<\/div>\n<div>\u2022Beer selected<\/div>\n<div>\u2022Selected cocktails (Daiquiri, Cuba Libre, Margarita, Pina Colada, Curacao)<\/div>\n<div>\u2022Water<\/div>\n<div>\u2022Soft drinks selected<\/div>\n<div>\u2022Natural lemonade<\/div>\n<div>\u2022Use of facilities<\/div>\n<div>\u2022Asoleadoras<\/div>\n<div>\u2022Sun beds<\/div>\n<div>\u2022Fresh water swimming pool<\/div>\n<div>\u2022Beach<\/div>\n<div>\u2022Volleyball court<\/div>\n<div>\u2022Bathrooms<\/div>\n<div>\n<div><strong>OPTIONAL<\/strong><\/div>\n<div>\u2022Transportation to get to know the Oceanarium (1 hour)<\/div>\n<div>Entrance to the Oceanarium is not included. Estimated value: $40.000 COP (subject to change).<\/div>\n<div><\/div>\n<div><strong>NOT INCLUDED<\/strong><\/div>\n<div>\u2022Towel service<\/div>\n<div>\u2022Entrance to the Oceanarium<\/div>\n<div>\u2022Rate port dock: $29.000 COP per person<\/div>\n<\/div>","protected":false},"excerpt":{"rendered":"<p>COCOLISO PASAD\u00cdA PREMIUM (BARRA LIBRE BEBIDAS) Disfruta de un d\u00eda de lujo, relax y diversi\u00f3n sin l\u00edmites en el Pasad\u00eda Premium. INCLUYE \u2022Transporte ida y regreso en bote (capacidad para 50 personas) \u2022Bebida de bienvenida: cerveza o gaseosa seleccionada \u2022Almuerzo con 3 opciones: \u2022Pescado \u2022Pollo \u2022Arroz Cocoliso con mariscos \u2022Barra libre de bebidas: \u2022Cerveza seleccionada [&hellip;]<\/p>\n","protected":false},"featured_media":1846,"template":"","meta":[],"product_brand":[],"product_cat":[22],"product_tag":[],"class_list":{"0":"post-1875","1":"product","2":"type-product","3":"status-publish","4":"has-post-thumbnail","6":"product_cat-islasdelrosario","8":"first","9":"instock","10":"sold-individually","11":"shipping-taxable","12":"purchasable","13":"product-type-booking"},"_links":{"self":[{"href":"https:\/\/dani-tours.com.co\/en\/wp-json\/wp\/v2\/product\/1875","targetHints":{"allow":["GET"]}}],"collection":[{"href":"https:\/\/dani-tours.com.co\/en\/wp-json\/wp\/v2\/product"}],"about":[{"href":"https:\/\/dani-tours.com.co\/en\/wp-json\/wp\/v2\/types\/product"}],"wp:featuredmedia":[{"embeddable":true,"href":"https:\/\/dani-tours.com.co\/en\/wp-json\/wp\/v2\/media\/1846"}],"wp:attachment":[{"href":"https:\/\/dani-tours.com.co\/en\/wp-json\/wp\/v2\/media?parent=1875"}],"wp:term":[{"taxonomy":"product_brand","embeddable":true,"href":"https:\/\/dani-tours.com.co\/en\/wp-json\/wp\/v2\/product_brand?post=1875"},{"taxonomy":"product_cat","embeddable":true,"href":"https:\/\/dani-tours.com.co\/en\/wp-json\/wp\/v2\/product_cat?post=1875"},{"taxonomy":"product_tag","embeddable":true,"href":"https:\/\/dani-tours.com.co\/en\/wp-json\/wp\/v2\/product_tag?post=1875"}],"curies":[{"name":"wp","href":"https:\/\/api.w.org\/{rel}","templated":true}]}}