{"id":1871,"date":"2025-12-26T20:36:37","date_gmt":"2025-12-26T20:36:37","guid":{"rendered":"https:\/\/dani-tours.com.co\/?post_type=product&#038;p=1871"},"modified":"2025-12-30T03:54:19","modified_gmt":"2025-12-30T03:54:19","slug":"mangata-beach-club-2","status":"publish","type":"product","link":"https:\/\/dani-tours.com.co\/en\/product\/mangata-beach-club-2\/","title":{"rendered":"Mangata Beach Club"},"content":{"rendered":"<div><strong>MANGATA BEACH CLUB<\/strong><\/div>\n<div><\/div>\n<div>Immerse yourself in the paradise, where the sea, sand and sun await you for a unique and unforgettable experience.<\/div>\n<div><\/div>\n<div><strong>INCLUDES<\/strong><\/div>\n<div>\u2022Transport in boats sports (round trip) from private Marina TODOMAR<\/div>\n<div>\u2022Welcome glass of sparkling wine or juice, natural<\/div>\n<div>\u2022Accommodation in a bed, room or chair asoleadora<\/div>\n<div>\u2022Panoramic Tour around the island (optional:10: 00 am.m. 10:45.m.)<\/div>\n<div>\u2022Air-conditioned restaurant or outdoor<\/div>\n<div>\u2022Access to all facilities<\/div>\n<div>\u2022Lunch a la carte (8 options available), accompanied by non-alcoholic drink:<\/div>\n<div>1.Filet of fish (sea bass) breaded<\/div>\n<div>Coconut rice, mixed salad and patacones<\/div>\n<div>2.Fried fish<\/div>\n<div>Coconut rice, mixed salad and patacones<\/div>\n<div>3.Chicken breast grilled<\/div>\n<div>\n<div>White rice, mixed salad and slices of ripe banana<\/div>\n<div>4.Risotto with shrimp<\/div>\n<div>5.Pasta vegetarian<\/div>\n<div>Stir-fried vegetables<\/div>\n<div>6.Pasta bolognese<\/div>\n<div>Type of penne pasta<\/div>\n<div>7.Chicken Nuggets<\/div>\n<div>Accompanied with roasted potatoes and French<\/div>\n<div>8.Pizza<\/div>\n<div>Hawaiian or ham and mushrooms<\/div>\n<div>\u2022Fresh water shower<\/div>\n<div>\u2022Towel service<\/div>\n<div>\u2022DJ all day<\/div>\n<div>\u2022Use of kayaks, paddleboards, and face shields Easy Breath for snorkeling<\/div>\n<div>\u2022Bike ride around the island<\/div>\n<div><\/div>\n<div><strong>SCHEDULES<\/strong><\/div>\n<div>\u2022Time of arrival at the Marina TODOMAR Bocagrande: 7:30.m.<\/div>\n<div>\u2022Estimated time of return to Cartagena: 3:00 p. m.<\/div>\n<\/div>","protected":false},"excerpt":{"rendered":"<p>MANGATA BEACH CLUB Sum\u00e9rgete en el para\u00edso, donde el mar, la arena y el sol te esperan para una experiencia \u00fanica e inolvidable. INCLUYE \u2022Transporte en lanchas deportivas (ida y vuelta) desde Marina privada TODOMAR \u2022Copa de champa\u00f1a de bienvenida o jugo natural \u2022Acomodaci\u00f3n en cama, sala o silla asoleadora \u2022Tour panor\u00e1mico por las islas [&hellip;]<\/p>\n","protected":false},"featured_media":1872,"template":"","meta":[],"product_brand":[],"product_cat":[22],"product_tag":[],"class_list":{"0":"post-1871","1":"product","2":"type-product","3":"status-publish","4":"has-post-thumbnail","6":"product_cat-islasdelrosario","8":"first","9":"instock","10":"sold-individually","11":"shipping-taxable","12":"purchasable","13":"product-type-booking"},"_links":{"self":[{"href":"https:\/\/dani-tours.com.co\/en\/wp-json\/wp\/v2\/product\/1871","targetHints":{"allow":["GET"]}}],"collection":[{"href":"https:\/\/dani-tours.com.co\/en\/wp-json\/wp\/v2\/product"}],"about":[{"href":"https:\/\/dani-tours.com.co\/en\/wp-json\/wp\/v2\/types\/product"}],"wp:featuredmedia":[{"embeddable":true,"href":"https:\/\/dani-tours.com.co\/en\/wp-json\/wp\/v2\/media\/1872"}],"wp:attachment":[{"href":"https:\/\/dani-tours.com.co\/en\/wp-json\/wp\/v2\/media?parent=1871"}],"wp:term":[{"taxonomy":"product_brand","embeddable":true,"href":"https:\/\/dani-tours.com.co\/en\/wp-json\/wp\/v2\/product_brand?post=1871"},{"taxonomy":"product_cat","embeddable":true,"href":"https:\/\/dani-tours.com.co\/en\/wp-json\/wp\/v2\/product_cat?post=1871"},{"taxonomy":"product_tag","embeddable":true,"href":"https:\/\/dani-tours.com.co\/en\/wp-json\/wp\/v2\/product_tag?post=1871"}],"curies":[{"name":"wp","href":"https:\/\/api.w.org\/{rel}","templated":true}]}}