{"id":1868,"date":"2025-12-26T20:15:22","date_gmt":"2025-12-26T20:15:22","guid":{"rendered":"https:\/\/dani-tours.com.co\/?post_type=product&#038;p=1868"},"modified":"2025-12-30T03:54:45","modified_gmt":"2025-12-30T03:54:45","slug":"luxury-beach-vip","status":"publish","type":"product","link":"https:\/\/dani-tours.com.co\/en\/product\/luxury-beach-vip\/","title":{"rendered":"luxury Beach (VIP)"},"content":{"rendered":"<p><strong>PICNIC LUXURY VIP<\/strong><\/p>\n<p>Enjoy the luxury, exclusivity, and the best views with a Picnic Luxury VIP. A day of fun and relaxation like no other.<\/p>\n<p><strong>INCLUDES<\/strong><br \/>\nTransportation on vessel VIP<br \/>\nOpen bar for national drink unlimited:<br \/>\nSoda flavored<br \/>\nBeer of the day<br \/>\nClassic cocktails (Pina Colada, Coco Loco, Gin and Tonic, Daiquiri, Tequila Sunrise, Caipirinha, Caipiroska, Mojito, Cuba Libre)<br \/>\nWater and gas-bottled<br \/>\nDispenser orange juice<br \/>\nLemonade<br \/>\nService to the beach bed and on the bar<br \/>\nLunch Menu with 10 Options<br \/>\nLive DJ<br \/>\nBed t-shirt (per couple)<\/p>\n<p><strong>IMPORTANT:<\/strong><br \/>\nAsoleadora in case of a booking for only one person<br \/>\nPlan exclusive for over 18a\u00f1os<\/p>\n<p>\u274c Does not include towel service<br \/>\n\u274c Does not include entrance to the Oceanarium<br \/>\n\u274c Does not include rate port dock<\/p>\n<p>\ud83d\udd39 <strong>Optional<\/strong> \ud83d\udd39<br \/>\nPanoramic tour of Rosario Islands with a stop at the Oceanarium (60 minutes)<\/p>","protected":false},"excerpt":{"rendered":"<p>PASAD\u00cdA LUXURY VIP Disfruta del lujo, la exclusividad y las mejores vistas con el Pasad\u00eda Luxury VIP. Un d\u00eda de relax y diversi\u00f3n sin igual. INCLUYE Transporte en embarcaci\u00f3n VIP Barra abierta de bebida nacional ilimitada: Sodas saborizadas Cerveza del d\u00eda C\u00f3cteles cl\u00e1sicos (Pi\u00f1a Colada, Coco Loco, Gin Tonic, Daiquir\u00ed, Tequila Sunrise, Caipiri\u00f1a, Caipiroska, Mojito, [&hellip;]<\/p>\n","protected":false},"featured_media":1870,"template":"","meta":[],"product_brand":[],"product_cat":[22],"product_tag":[],"class_list":{"0":"post-1868","1":"product","2":"type-product","3":"status-publish","4":"has-post-thumbnail","6":"product_cat-islasdelrosario","8":"first","9":"instock","10":"sold-individually","11":"shipping-taxable","12":"purchasable","13":"product-type-booking"},"_links":{"self":[{"href":"https:\/\/dani-tours.com.co\/en\/wp-json\/wp\/v2\/product\/1868","targetHints":{"allow":["GET"]}}],"collection":[{"href":"https:\/\/dani-tours.com.co\/en\/wp-json\/wp\/v2\/product"}],"about":[{"href":"https:\/\/dani-tours.com.co\/en\/wp-json\/wp\/v2\/types\/product"}],"wp:featuredmedia":[{"embeddable":true,"href":"https:\/\/dani-tours.com.co\/en\/wp-json\/wp\/v2\/media\/1870"}],"wp:attachment":[{"href":"https:\/\/dani-tours.com.co\/en\/wp-json\/wp\/v2\/media?parent=1868"}],"wp:term":[{"taxonomy":"product_brand","embeddable":true,"href":"https:\/\/dani-tours.com.co\/en\/wp-json\/wp\/v2\/product_brand?post=1868"},{"taxonomy":"product_cat","embeddable":true,"href":"https:\/\/dani-tours.com.co\/en\/wp-json\/wp\/v2\/product_cat?post=1868"},{"taxonomy":"product_tag","embeddable":true,"href":"https:\/\/dani-tours.com.co\/en\/wp-json\/wp\/v2\/product_tag?post=1868"}],"curies":[{"name":"wp","href":"https:\/\/api.w.org\/{rel}","templated":true}]}}