{"id":1863,"date":"2025-12-26T19:55:18","date_gmt":"2025-12-26T19:55:18","guid":{"rendered":"https:\/\/dani-tours.com.co\/?post_type=product&#038;p=1863"},"modified":"2025-12-30T03:55:14","modified_gmt":"2025-12-30T03:55:14","slug":"luxury-beach","status":"publish","type":"product","link":"https:\/\/dani-tours.com.co\/en\/product\/luxury-beach\/","title":{"rendered":"Luxury Beach"},"content":{"rendered":"<div><strong>PICNIC LUXURY<\/strong><\/div>\n<div><\/div>\n<div>Escape to luxury and enjoy the paradise with everything you need for a perfect day.<\/div>\n<div><\/div>\n<div><strong>INCLUDES<\/strong><\/div>\n<div>\u2022Boat transportation Newt<\/div>\n<div>\u2022Open bar for national drink unlimited:<\/div>\n<div>\u2022Beer of the day<\/div>\n<div>\u2022Classic cocktails: Pina Colada, Coco Loco, Gin and Tonic, Daiquiri, Tequila Sunrise, Caipirinha, Caipiroska, Mojito and Cuba Libre<\/div>\n<div>\u2022Water and gas-bottled<\/div>\n<div>\u2022Dispenser of orange juice<\/div>\n<div>\u2022Lemonade<\/div>\n<div>\u2022Service in the bar<\/div>\n<div>\u2022Hood and asoleadora t-shirt<\/div>\n<div>\u2022Lunch bar with 3 options<\/div>\n<div><\/div>\n<div>OPTIONAL<\/div>\n<div>\u2022Panoramic tour of the Rosario Islands with a stop at the Oceanarium (60 minutes)<\/div>\n<div><\/div>\n<div><strong>IMPORTANT<\/strong><\/div>\n<div>\u2022Does not include entrance to the Oceanarium<\/div>\n<div>\u2022Does not include rate port dock: $29.000 COP per person<\/div>","protected":false},"excerpt":{"rendered":"<p>PASAD\u00cdA LUXURY Esc\u00e1pate al lujo y disfruta del para\u00edso con todo lo que necesitas para un d\u00eda perfecto. INCLUYE \u2022Transporte en Lancha Trit\u00f3n \u2022Barra abierta de bebida nacional ilimitada: \u2022Cerveza del d\u00eda \u2022C\u00f3cteles cl\u00e1sicos: Pi\u00f1a Colada, Coco Loco, Gin Tonic, Daiquir\u00ed, Tequila Sunrise, Caipiri\u00f1a, Caipiroska, Mojito y Cuba Libre \u2022Agua y gaseosa embotellada \u2022Dispensador de [&hellip;]<\/p>\n","protected":false},"featured_media":1864,"template":"","meta":[],"product_brand":[],"product_cat":[22],"product_tag":[],"class_list":{"0":"post-1863","1":"product","2":"type-product","3":"status-publish","4":"has-post-thumbnail","6":"product_cat-islasdelrosario","8":"first","9":"instock","10":"sold-individually","11":"shipping-taxable","12":"purchasable","13":"product-type-booking"},"_links":{"self":[{"href":"https:\/\/dani-tours.com.co\/en\/wp-json\/wp\/v2\/product\/1863","targetHints":{"allow":["GET"]}}],"collection":[{"href":"https:\/\/dani-tours.com.co\/en\/wp-json\/wp\/v2\/product"}],"about":[{"href":"https:\/\/dani-tours.com.co\/en\/wp-json\/wp\/v2\/types\/product"}],"wp:featuredmedia":[{"embeddable":true,"href":"https:\/\/dani-tours.com.co\/en\/wp-json\/wp\/v2\/media\/1864"}],"wp:attachment":[{"href":"https:\/\/dani-tours.com.co\/en\/wp-json\/wp\/v2\/media?parent=1863"}],"wp:term":[{"taxonomy":"product_brand","embeddable":true,"href":"https:\/\/dani-tours.com.co\/en\/wp-json\/wp\/v2\/product_brand?post=1863"},{"taxonomy":"product_cat","embeddable":true,"href":"https:\/\/dani-tours.com.co\/en\/wp-json\/wp\/v2\/product_cat?post=1863"},{"taxonomy":"product_tag","embeddable":true,"href":"https:\/\/dani-tours.com.co\/en\/wp-json\/wp\/v2\/product_tag?post=1863"}],"curies":[{"name":"wp","href":"https:\/\/api.w.org\/{rel}","templated":true}]}}