{"id":1838,"date":"2025-12-26T18:33:56","date_gmt":"2025-12-26T18:33:56","guid":{"rendered":"https:\/\/dani-tours.com.co\/?post_type=product&#038;p=1838"},"modified":"2025-12-30T03:56:11","modified_gmt":"2025-12-30T03:56:11","slug":"lizamar","status":"publish","type":"product","link":"https:\/\/dani-tours.com.co\/en\/product\/lizamar\/","title":{"rendered":"Lizamar"},"content":{"rendered":"<p><strong>PICNIC LIZAMAR<\/strong><\/p>\n<p>Live the caribbean paradise in Lizamar and enjoy an unforgettable day with activities for all.<\/p>\n<p><strong>INCLUDES<\/strong><br \/>\nTransfer round trip from Cartagena in comfortable boats. Live the experience with our bilingual guides!<br \/>\nEnjoy our common areas:<br \/>\nSwimming pools with fresh water waterfall<br \/>\nHammocks<br \/>\nAsoleadoras<br \/>\nChildren's games<br \/>\nSlide down to the sea<br \/>\nTable games<br \/>\nLunch buffet caribbean style<br \/>\nWelcome cocktail<\/p>\n<p><strong>NOT INCLUDED <\/strong><br \/>\nRate port dock<br \/>\nAttractions extra (optional):<br \/>\nEntrance to the aquarium: $40.000 COP x adult, $30.000 COP x child<br \/>\nSnorkel: $50.000 COP x person<br \/>\nDiving tank: $280.000 COP x person<\/p>","protected":false},"excerpt":{"rendered":"<p>PASAD\u00cdA LIZAMAR Vive el para\u00edso caribe\u00f1o en Lizamar y disfruta de un d\u00eda inolvidable con actividades para todos. INCLUYE Traslados ida y regreso desde Cartagena en c\u00f3modas embarcaciones. \u00a1Vive la experiencia con nuestros gu\u00edas biling\u00fces! Disfruta de nuestras \u00e1reas comunes: Piscinas con cascada de agua dulce Hamacas Asoleadoras Juegos infantiles Tobog\u00e1n directo al mar Juegos [&hellip;]<\/p>\n","protected":false},"featured_media":1839,"template":"","meta":[],"product_brand":[],"product_cat":[22],"product_tag":[],"class_list":{"0":"post-1838","1":"product","2":"type-product","3":"status-publish","4":"has-post-thumbnail","6":"product_cat-islasdelrosario","8":"first","9":"instock","10":"sold-individually","11":"shipping-taxable","12":"purchasable","13":"product-type-booking"},"_links":{"self":[{"href":"https:\/\/dani-tours.com.co\/en\/wp-json\/wp\/v2\/product\/1838","targetHints":{"allow":["GET"]}}],"collection":[{"href":"https:\/\/dani-tours.com.co\/en\/wp-json\/wp\/v2\/product"}],"about":[{"href":"https:\/\/dani-tours.com.co\/en\/wp-json\/wp\/v2\/types\/product"}],"wp:featuredmedia":[{"embeddable":true,"href":"https:\/\/dani-tours.com.co\/en\/wp-json\/wp\/v2\/media\/1839"}],"wp:attachment":[{"href":"https:\/\/dani-tours.com.co\/en\/wp-json\/wp\/v2\/media?parent=1838"}],"wp:term":[{"taxonomy":"product_brand","embeddable":true,"href":"https:\/\/dani-tours.com.co\/en\/wp-json\/wp\/v2\/product_brand?post=1838"},{"taxonomy":"product_cat","embeddable":true,"href":"https:\/\/dani-tours.com.co\/en\/wp-json\/wp\/v2\/product_cat?post=1838"},{"taxonomy":"product_tag","embeddable":true,"href":"https:\/\/dani-tours.com.co\/en\/wp-json\/wp\/v2\/product_tag?post=1838"}],"curies":[{"name":"wp","href":"https:\/\/api.w.org\/{rel}","templated":true}]}}