{"id":1829,"date":"2025-12-26T18:15:25","date_gmt":"2025-12-26T18:15:25","guid":{"rendered":"https:\/\/dani-tours.com.co\/?post_type=product&#038;p=1829"},"modified":"2025-12-30T03:56:46","modified_gmt":"2025-12-30T03:56:46","slug":"isla-del-pirata-vip","status":"publish","type":"product","link":"https:\/\/dani-tours.com.co\/en\/product\/isla-del-pirata-vip\/","title":{"rendered":"Island of the Pirate (VIP)"},"content":{"rendered":"<p><strong>ISLAND OF THE PIRATE VIP<\/strong><\/p>\n<p>The hotel is located in one of the 30 islands that form part of the Archipelago and the Natural Park of the Rosario Islands, in the Caribbean Sea.<br \/>\nBy sea, just 50 minutes (24 nautical miles) of the beautiful and colonial city of Cartagena de Indias.<\/p>\n<p><strong>PICNIC PREMIUM<\/strong><\/p>\n<p><strong>INCLUDES<\/strong>:<br \/>\n* Transport in fast boats from 30 to 50 passengers, exclusive for our clients.<br \/>\n* Fruit cocktail refreshing welcome<\/p>\n<p><strong>LUNCH (5 OPTIONS):<\/strong><br \/>\n* Rice seafood.<br \/>\n* Pasta Pirate.<br \/>\n* Fish (crappie).<br \/>\n* Chicken on the grill.<br \/>\n* Vegetarian option.<\/p>\n<p>* Kayaking.<br \/>\n* Snorkel mask.<br \/>\n* Floats type straw.<\/p>\n<p>USE OF SOCIAL AREAS:<br \/>\nBeds-shirts and chairs asoleadoras.<\/p>\n<p><strong>OPEN BAR:<\/strong><br \/>\n10:00 am. m. to 2:00 p. m.<\/p>\n<p>COCKTAILS INCLUDING:<br \/>\nCoco Loco, Caipiroska, Caipirinha, Daiquiri, Mojito, Gin and Tonic, Pina Colada, Michelada, Bloody Mary's, Cuba Libre, Sea Blue, Margarita, Tequila Sunrise, Tom Collins and Vodka Tonic.<\/p>\n<p>* Transfer to the Oceanarium at no extra charge (entrance not included).<br \/>\n* Entrance to the Oceanarium adults: $40.000 COP.<\/p>\n<p>DOES NOT INCLUDE:<br \/>\n* Tax pier and National Parks: (required, payment in cash).<br \/>\n* Towels for the beach.<\/p>\n<p>NOTE:<br \/>\nSubmitted on the day of the reservation on the Dock of The Bodeguita at 7:45. m., door number 4.<br \/>\nAsk questions for Island of the Pirate.<\/p>\n<p><strong>SHUTTLE HOURS:<\/strong><br \/>\nOutput spring \u2013 island: from 8:15 to 8:20. m.<br \/>\nBack-island \u2013 spring-in: 3:00 p. m.<br \/>\nJourney time: 1 hour.<\/p>\n<p>Prohibited the entry of pets, foods and beverages.<\/p>","protected":false},"excerpt":{"rendered":"<p>ISLA DEL PIRATA VIP El hotel est\u00e1 ubicado en una de las 30 islas que hacen parte del Archipi\u00e9lago y Parque Natural de las Islas del Rosario, en el Mar Caribe. Por v\u00eda mar\u00edtima, a solo 50 minutos (24 millas n\u00e1uticas) de la hermosa y colonial ciudad de Cartagena de Indias. PASAD\u00cdA PREMIUM INCLUYE: * [&hellip;]<\/p>\n","protected":false},"featured_media":1832,"template":"","meta":[],"product_brand":[],"product_cat":[22],"product_tag":[],"class_list":{"0":"post-1829","1":"product","2":"type-product","3":"status-publish","4":"has-post-thumbnail","6":"product_cat-islasdelrosario","8":"first","9":"instock","10":"sold-individually","11":"shipping-taxable","12":"purchasable","13":"product-type-booking"},"_links":{"self":[{"href":"https:\/\/dani-tours.com.co\/en\/wp-json\/wp\/v2\/product\/1829","targetHints":{"allow":["GET"]}}],"collection":[{"href":"https:\/\/dani-tours.com.co\/en\/wp-json\/wp\/v2\/product"}],"about":[{"href":"https:\/\/dani-tours.com.co\/en\/wp-json\/wp\/v2\/types\/product"}],"wp:featuredmedia":[{"embeddable":true,"href":"https:\/\/dani-tours.com.co\/en\/wp-json\/wp\/v2\/media\/1832"}],"wp:attachment":[{"href":"https:\/\/dani-tours.com.co\/en\/wp-json\/wp\/v2\/media?parent=1829"}],"wp:term":[{"taxonomy":"product_brand","embeddable":true,"href":"https:\/\/dani-tours.com.co\/en\/wp-json\/wp\/v2\/product_brand?post=1829"},{"taxonomy":"product_cat","embeddable":true,"href":"https:\/\/dani-tours.com.co\/en\/wp-json\/wp\/v2\/product_cat?post=1829"},{"taxonomy":"product_tag","embeddable":true,"href":"https:\/\/dani-tours.com.co\/en\/wp-json\/wp\/v2\/product_tag?post=1829"}],"curies":[{"name":"wp","href":"https:\/\/api.w.org\/{rel}","templated":true}]}}