{"id":1823,"date":"2025-12-26T17:30:05","date_gmt":"2025-12-26T17:30:05","guid":{"rendered":"https:\/\/dani-tours.com.co\/?post_type=product&#038;p=1823"},"modified":"2025-12-30T03:57:09","modified_gmt":"2025-12-30T03:57:09","slug":"isla-del-piratastandard","status":"publish","type":"product","link":"https:\/\/dani-tours.com.co\/en\/product\/isla-del-piratastandard\/","title":{"rendered":"Island of the pirate(STANDARD)"},"content":{"rendered":"<p><strong>ISLAND OF THE PIRATE<\/strong><\/p>\n<p>Located in one of the 30 islands in the Archipelago and Parque Natural de las Islas del Rosario.<br \/>\nJust 50 minutes by boat from Cartagena de Indias.<\/p>\n<p>PICNIC STANDARD<\/p>\n<p><strong>INCLUDES<\/strong>:<br \/>\n* Transportation in a fast boat (30 to 50 passengers)<br \/>\n* Fruit cocktail welcome<br \/>\n* Typical lunch:<br \/>\n\u2013 Mojarra<br \/>\n\u2013 Chicken grill<br \/>\n\u2013 Vegetarian option<br \/>\n* Use of social areas: beds-shirts and chairs asoleadoras<br \/>\n* Transfer to the Oceanarium (without additional charge)<\/p>","protected":false},"excerpt":{"rendered":"<p>ISLA DEL PIRATA Ubicada en una de las 30 islas del Archipi\u00e9lago y Parque Natural de las Islas del Rosario. A solo 50 minutos en lancha desde Cartagena de Indias. PASAD\u00cdA STANDARD INCLUYE: * Transporte en bote r\u00e1pido (30 a 50 pasajeros) * C\u00f3ctel de frutas de bienvenida * Almuerzo t\u00edpico: \u2013 Mojarra \u2013 Pollo [&hellip;]<\/p>\n","protected":false},"featured_media":1828,"template":"","meta":[],"product_brand":[],"product_cat":[22],"product_tag":[],"class_list":{"0":"post-1823","1":"product","2":"type-product","3":"status-publish","4":"has-post-thumbnail","6":"product_cat-islasdelrosario","8":"first","9":"instock","10":"sold-individually","11":"shipping-taxable","12":"purchasable","13":"product-type-booking"},"_links":{"self":[{"href":"https:\/\/dani-tours.com.co\/en\/wp-json\/wp\/v2\/product\/1823","targetHints":{"allow":["GET"]}}],"collection":[{"href":"https:\/\/dani-tours.com.co\/en\/wp-json\/wp\/v2\/product"}],"about":[{"href":"https:\/\/dani-tours.com.co\/en\/wp-json\/wp\/v2\/types\/product"}],"wp:featuredmedia":[{"embeddable":true,"href":"https:\/\/dani-tours.com.co\/en\/wp-json\/wp\/v2\/media\/1828"}],"wp:attachment":[{"href":"https:\/\/dani-tours.com.co\/en\/wp-json\/wp\/v2\/media?parent=1823"}],"wp:term":[{"taxonomy":"product_brand","embeddable":true,"href":"https:\/\/dani-tours.com.co\/en\/wp-json\/wp\/v2\/product_brand?post=1823"},{"taxonomy":"product_cat","embeddable":true,"href":"https:\/\/dani-tours.com.co\/en\/wp-json\/wp\/v2\/product_cat?post=1823"},{"taxonomy":"product_tag","embeddable":true,"href":"https:\/\/dani-tours.com.co\/en\/wp-json\/wp\/v2\/product_tag?post=1823"}],"curies":[{"name":"wp","href":"https:\/\/api.w.org\/{rel}","templated":true}]}}