{"id":1810,"date":"2025-12-26T16:46:52","date_gmt":"2025-12-26T16:46:52","guid":{"rendered":"https:\/\/dani-tours.com.co\/?post_type=product&#038;p=1810"},"modified":"2025-12-30T03:59:05","modified_gmt":"2025-12-30T03:59:05","slug":"tour-4-islas","status":"publish","type":"product","link":"https:\/\/dani-tours.com.co\/en\/product\/tour-4-islas\/","title":{"rendered":"Tour 4 islands"},"content":{"rendered":"<p>Four islands, one paradise... we Experience everything in a single day of tropical island adventure!\ud83c\udf34\ud83c\udf0a\ud83c\udf1e<\/p>\n<p><strong>INCLUDES<\/strong><br \/>\nTransportation to and return in speed boat<br \/>\nPanoramic by the Castle of San Fernando and San Jos\u00e9 de Bocachica<br \/>\nStop in Rosario Islands<\/p>\n<p>Stop in Chol\u00f3n<br \/>\nEnjoy 1 hour of fun in the crystal clear waters<br \/>\nStop on Blue Water<br \/>\nRelax on the shore with access to chairs<br \/>\nArrival to Playa Blanca Baru<br \/>\nSector Quiet Beach<br \/>\nDelicious lunch included + free time for swimming<\/p>\n<p>Choose one of these optional activities:<br \/>\nVisit the Aquarium \u2013 $40,000 per person<br \/>\nSnorkel \u2013 $50,000 per person<\/p>\n<p>Does not include:<br \/>\nRate port<br \/>\nActivities not specified<\/p>","protected":false},"excerpt":{"rendered":"<p>Cuatro islas, un solo para\u00edso&#8230; \u00a1V\u00edvelo todo en un solo d\u00eda de aventura tropical!\ud83c\udf34\ud83c\udf0a\ud83c\udf1e INCLUYE Transporte ida y regreso en lancha r\u00e1pida Panor\u00e1mico por el Castillo de San Fernando y San Jos\u00e9 de Bocachica Parada en Islas del Rosario Parada en Chol\u00f3n Disfruta de 1 hora de diversi\u00f3n en aguas cristalinas Parada en Agua Azul [&hellip;]<\/p>\n","protected":false},"featured_media":1812,"template":"","meta":[],"product_brand":[],"product_cat":[22],"product_tag":[],"class_list":{"0":"post-1810","1":"product","2":"type-product","3":"status-publish","4":"has-post-thumbnail","6":"product_cat-islasdelrosario","8":"first","9":"instock","10":"sold-individually","11":"shipping-taxable","12":"purchasable","13":"product-type-booking"},"_links":{"self":[{"href":"https:\/\/dani-tours.com.co\/en\/wp-json\/wp\/v2\/product\/1810","targetHints":{"allow":["GET"]}}],"collection":[{"href":"https:\/\/dani-tours.com.co\/en\/wp-json\/wp\/v2\/product"}],"about":[{"href":"https:\/\/dani-tours.com.co\/en\/wp-json\/wp\/v2\/types\/product"}],"wp:featuredmedia":[{"embeddable":true,"href":"https:\/\/dani-tours.com.co\/en\/wp-json\/wp\/v2\/media\/1812"}],"wp:attachment":[{"href":"https:\/\/dani-tours.com.co\/en\/wp-json\/wp\/v2\/media?parent=1810"}],"wp:term":[{"taxonomy":"product_brand","embeddable":true,"href":"https:\/\/dani-tours.com.co\/en\/wp-json\/wp\/v2\/product_brand?post=1810"},{"taxonomy":"product_cat","embeddable":true,"href":"https:\/\/dani-tours.com.co\/en\/wp-json\/wp\/v2\/product_cat?post=1810"},{"taxonomy":"product_tag","embeddable":true,"href":"https:\/\/dani-tours.com.co\/en\/wp-json\/wp\/v2\/product_tag?post=1810"}],"curies":[{"name":"wp","href":"https:\/\/api.w.org\/{rel}","templated":true}]}}