{"id":1701,"date":"2025-12-20T20:18:25","date_gmt":"2025-12-20T20:18:25","guid":{"rendered":"https:\/\/dani-tours.com.co\/?post_type=product&#038;p=1701"},"modified":"2025-12-30T04:03:38","modified_gmt":"2025-12-30T04:03:38","slug":"cena-en-yate","status":"publish","type":"product","link":"https:\/\/dani-tours.com.co\/en\/product\/cena-en-yate\/","title":{"rendered":"Dinner on a Yacht"},"content":{"rendered":"<p>DINNER<br \/>\n3 TIMES<\/p>\n<p>Muelle la bodeguita<br \/>\nDoor #4<br \/>\nBoarding: 6:30 P. M<br \/>\nDeparture: 7:00 P. M<\/p>\n<p><strong>Includes<\/strong><br \/>\n1 input,<br \/>\n1 entree.<br \/>\n1 Dessert<br \/>\n2 wine glasses by<br \/>\nperson.<\/p>\n<p>Children 4 to 11 years pay half the price and 12 years and older pay full.<\/p>","protected":false},"excerpt":{"rendered":"<p>CENA DE 3 TIEMPOS Muelle la bodeguita Puerta #4 Embarque: 6:30 P.M Zarpe: 7:00 P.M Incluye 1 entrada, 1 Plato fuerte. 1 Postre 2 copas de vino por persona. Los ni\u00f1os de 4 a 11 a\u00f1os pagan la mitad y de 12 a\u00f1os en adelante pagan full.<\/p>","protected":false},"featured_media":1702,"template":"","meta":[],"product_brand":[],"product_cat":[20],"product_tag":[],"class_list":{"0":"post-1701","1":"product","2":"type-product","3":"status-publish","4":"has-post-thumbnail","6":"product_cat-actividades","8":"first","9":"instock","10":"sold-individually","11":"shipping-taxable","12":"purchasable","13":"product-type-booking"},"_links":{"self":[{"href":"https:\/\/dani-tours.com.co\/en\/wp-json\/wp\/v2\/product\/1701","targetHints":{"allow":["GET"]}}],"collection":[{"href":"https:\/\/dani-tours.com.co\/en\/wp-json\/wp\/v2\/product"}],"about":[{"href":"https:\/\/dani-tours.com.co\/en\/wp-json\/wp\/v2\/types\/product"}],"wp:featuredmedia":[{"embeddable":true,"href":"https:\/\/dani-tours.com.co\/en\/wp-json\/wp\/v2\/media\/1702"}],"wp:attachment":[{"href":"https:\/\/dani-tours.com.co\/en\/wp-json\/wp\/v2\/media?parent=1701"}],"wp:term":[{"taxonomy":"product_brand","embeddable":true,"href":"https:\/\/dani-tours.com.co\/en\/wp-json\/wp\/v2\/product_brand?post=1701"},{"taxonomy":"product_cat","embeddable":true,"href":"https:\/\/dani-tours.com.co\/en\/wp-json\/wp\/v2\/product_cat?post=1701"},{"taxonomy":"product_tag","embeddable":true,"href":"https:\/\/dani-tours.com.co\/en\/wp-json\/wp\/v2\/product_tag?post=1701"}],"curies":[{"name":"wp","href":"https:\/\/api.w.org\/{rel}","templated":true}]}}