{"id":1694,"date":"2025-12-20T20:04:04","date_gmt":"2025-12-20T20:04:04","guid":{"rendered":"https:\/\/dani-tours.com.co\/?post_type=product&#038;p=1694"},"modified":"2025-12-30T04:03:54","modified_gmt":"2025-12-30T04:03:54","slug":"tour-bahia-catamaran-en-flamante","status":"publish","type":"product","link":"https:\/\/dani-tours.com.co\/en\/product\/tour-bahia-catamaran-en-flamante\/","title":{"rendered":"Tour Bay Catamaran in Brand-new"},"content":{"rendered":"<p><strong>SUNSET CATAMARAN BRAND NEW<\/strong><br \/>\nBe it an Evening to remember!<\/p>\n<p><strong>INCLUDES:<\/strong><br \/>\nOpen bar on selected drinks (Alcoholic and non-alcoholic)<br \/>\nTwo-hour tour with the best view of the bay<br \/>\nA delicious spends mouth per person<\/p>\n<p>MONDAY TO FRIDAY<br \/>\nwe're going with a dj and entertainer in vivo<\/p>\n<p>SATURDAY \u2013 SUNDAY<br \/>\nWe're going with one of the following options:<br \/>\n-show folk live<br \/>\n-show violinist in vivo<br \/>\n-show live sax player<\/p>\n<p>MEETING POINT<br \/>\nMuelle de la bodeguita door #4<br \/>\nEntrance to pier: 4:30pm<br \/>\nBoarding: 5:15pm<br \/>\nReturn to spring: 7:15pm<\/p>\n<p>DOES NOT INCLUDE RATE PORT<br \/>\nNO SMOKING ON THE BOAT<br \/>\nDO NOT ACCEPT ENTRY OF FOOD AND DRINKS<br \/>\nNOT PET FRIENDLY<\/p>","protected":false},"excerpt":{"rendered":"<p>SUNSET CATAMARAN FLAMANTE \u00a1Vive un Atardecer Inolvidable! INCLUYE: Barra libre de bebidas seleccionadas (Alcoh\u00f3licas y no alcoh\u00f3licas) Dos horas de recorrido con la mejor vista de la bah\u00eda Un delicioso pasa boca por persona DE LUNES A VIERNES vamos con dj y animador en vivo SABADOS &#8211; DOMINGOS Vamos con alguna de las siguientes opciones: [&hellip;]<\/p>\n","protected":false},"featured_media":1696,"template":"","meta":[],"product_brand":[],"product_cat":[20],"product_tag":[],"class_list":{"0":"post-1694","1":"product","2":"type-product","3":"status-publish","4":"has-post-thumbnail","6":"product_cat-actividades","8":"first","9":"instock","10":"sold-individually","11":"shipping-taxable","12":"purchasable","13":"product-type-booking"},"_links":{"self":[{"href":"https:\/\/dani-tours.com.co\/en\/wp-json\/wp\/v2\/product\/1694","targetHints":{"allow":["GET"]}}],"collection":[{"href":"https:\/\/dani-tours.com.co\/en\/wp-json\/wp\/v2\/product"}],"about":[{"href":"https:\/\/dani-tours.com.co\/en\/wp-json\/wp\/v2\/types\/product"}],"wp:featuredmedia":[{"embeddable":true,"href":"https:\/\/dani-tours.com.co\/en\/wp-json\/wp\/v2\/media\/1696"}],"wp:attachment":[{"href":"https:\/\/dani-tours.com.co\/en\/wp-json\/wp\/v2\/media?parent=1694"}],"wp:term":[{"taxonomy":"product_brand","embeddable":true,"href":"https:\/\/dani-tours.com.co\/en\/wp-json\/wp\/v2\/product_brand?post=1694"},{"taxonomy":"product_cat","embeddable":true,"href":"https:\/\/dani-tours.com.co\/en\/wp-json\/wp\/v2\/product_cat?post=1694"},{"taxonomy":"product_tag","embeddable":true,"href":"https:\/\/dani-tours.com.co\/en\/wp-json\/wp\/v2\/product_tag?post=1694"}],"curies":[{"name":"wp","href":"https:\/\/api.w.org\/{rel}","templated":true}]}}